{"id":50,"date":"2024-02-14T17:02:12","date_gmt":"2024-02-14T17:02:12","guid":{"rendered":"http:\/\/renaudfang.local\/?page_id=50"},"modified":"2026-04-29T13:04:27","modified_gmt":"2026-04-29T13:04:27","slug":"contact","status":"publish","type":"page","link":"https:\/\/www.renaudfang.com\/en\/contact\/","title":{"rendered":"Contact"},"content":{"rendered":"\t\t<div data-elementor-type=\"wp-page\" data-elementor-id=\"50\" class=\"elementor elementor-50\">\n\t\t\t\t<div class=\"elementor-element elementor-element-90074a2 e-flex e-con-boxed wpr-particle-no wpr-jarallax-no wpr-parallax-no wpr-sticky-section-no wpr-equal-height-no e-con e-parent\" data-id=\"90074a2\" data-element_type=\"container\" data-e-type=\"container\">\n\t\t\t\t\t<div class=\"e-con-inner\">\n\t\t\t\t<div class=\"elementor-element elementor-element-5ba1ddc elementor-widget elementor-widget-text-editor\" data-id=\"5ba1ddc\" data-element_type=\"widget\" data-e-type=\"widget\" data-widget_type=\"text-editor.default\">\n\t\t\t\t<div class=\"elementor-widget-container\">\n\t\t\t\t\t\t\t\t\t<p class=\"my-2 [&amp;+p]:mt-4 [&amp;_strong:has(+br)]:inline-block [&amp;_strong:has(+br)]:pb-2\">Vous recherchez un&nbsp;photographe et\/ou un vid\u00e9aste pour capturer vos moments pr\u00e9cieux en photo ou en vid\u00e9o ? Ou peut\u2011\u00eatre avez\u2011vous besoin d\u2019aide pour la&nbsp;cr\u00e9ation d\u2019un site web unique et percutant&nbsp;? Ne cherchez pas plus loin !<br>Install\u00e9 \u00e0 Bruxelles, je vous accompagne dans la r\u00e9alisation de vos projets, que ce soit en images fixes, en vid\u00e9o, dans la conception de sites internet ou \u00e0 travers des&nbsp;ateliers de graffiti co\u2011anim\u00e9s avec un autre artiste.<\/p>\n<p class=\"my-2 [&amp;+p]:mt-4 [&amp;_strong:has(+br)]:inline-block [&amp;_strong:has(+br)]:pb-2\">Si vous souhaitez obtenir un&nbsp;tirage d\u2019une de mes photos, commander une s\u00e9ance, participer \u00e0 un atelier graffiti ou tout simplement obtenir des informations sur mes services, contactez\u2011moi d\u00e8s aujourd\u2019hui.<br>Ensemble, nous travaillerons \u00e0 concr\u00e9tiser vos id\u00e9es en images et en ligne.<\/p>\t\t\t\t\t\t\t\t<\/div>\n\t\t\t\t<\/div>\n\t\t\t\t<div class=\"elementor-element elementor-element-41a8a8e elementor-widget elementor-widget-wpforms\" data-id=\"41a8a8e\" data-element_type=\"widget\" data-e-type=\"widget\" data-widget_type=\"wpforms.default\">\n\t\t\t\t<div class=\"elementor-widget-container\">\n\t\t\t\t\t<div class=\"wpforms-container wpforms-container-full wpforms-render-modern\" id=\"wpforms-52\"><form id=\"wpforms-form-52\" class=\"wpforms-validate wpforms-form wpforms-ajax-form\" data-formid=\"52\" method=\"post\" enctype=\"multipart\/form-data\" action=\"\/en\/wp-json\/wp\/v2\/pages\/50\" data-token=\"85cde95df47d9031a8736dcfcdc41e68\" data-token-time=\"1777471938\"><noscript class=\"wpforms-error-noscript\">Please enable JavaScript in your browser to complete this form.<\/noscript><div id=\"wpforms-error-noscript\" style=\"display: none;\">Please enable JavaScript in your browser to complete this form.<\/div><div class=\"wpforms-field-container\"><div id=\"wpforms-52-field_1-container\" class=\"wpforms-field wpforms-field-email\" data-field-id=\"1\"><label class=\"wpforms-field-label\" for=\"wpforms-52-field_1\">E-mail <span class=\"wpforms-required-label\" aria-hidden=\"true\">*<\/span><\/label><input type=\"email\" id=\"wpforms-52-field_1\" class=\"wpforms-field-medium wpforms-field-required\" name=\"wpforms[fields][1]\" spellcheck=\"false\" aria-errormessage=\"wpforms-52-field_1-error\" required><\/div><div id=\"wpforms-52-field_2-container\" class=\"wpforms-field wpforms-field-textarea\" data-field-id=\"2\"><label class=\"wpforms-field-label\" for=\"wpforms-52-field_2\">Commentaire ou message<\/label><textarea id=\"wpforms-52-field_2\" class=\"wpforms-field-medium\" name=\"wpforms[fields][2]\" aria-errormessage=\"wpforms-52-field_2-error\" ><\/textarea><\/div><\/div><!-- .wpforms-field-container --><div class=\"wpforms-recaptcha-container wpforms-is-recaptcha wpforms-is-recaptcha-type-v3\" ><input type=\"hidden\" name=\"wpforms[recaptcha]\" value=\"\"><\/div><div class=\"wpforms-submit-container\" ><input type=\"hidden\" name=\"wpforms[id]\" value=\"52\"><input type=\"hidden\" name=\"page_title\" value=\"\"><input type=\"hidden\" name=\"page_url\" value=\"https:\/\/www.renaudfang.com\/en\/wp-json\/wp\/v2\/pages\/50\"><input type=\"hidden\" name=\"url_referer\" value=\"\"><button type=\"submit\" name=\"wpforms[submit]\" id=\"wpforms-submit-52\" class=\"wpforms-submit\" data-alt-text=\"Envoi...\" data-submit-text=\"Envoyer\" aria-live=\"assertive\" value=\"wpforms-submit\">Envoyer<\/button><img decoding=\"async\" src=\"https:\/\/www.renaudfang.com\/wp-content\/plugins\/wpforms-lite\/assets\/images\/submit-spin.svg\" class=\"wpforms-submit-spinner\" style=\"display: none;\" width=\"26\" height=\"26\" alt=\"Loading\"><\/div><\/form><\/div>  <!-- .wpforms-container -->\t\t\t\t<\/div>\n\t\t\t\t<\/div>\n\t\t\t\t\t<\/div>\n\t\t\t\t<\/div>\n\t\t\t\t<\/div>\n\t\t","protected":false},"excerpt":{"rendered":"<p>Vous recherchez un&nbsp;photographe et\/ou un vid\u00e9aste pour capturer vos moments pr\u00e9cieux en photo ou en vid\u00e9o ? Ou peut\u2011\u00eatre avez\u2011vous besoin d\u2019aide pour la&nbsp;cr\u00e9ation d\u2019un site web unique et percutant&nbsp;? Ne cherchez pas plus loin !Install\u00e9 \u00e0 Bruxelles, je vous accompagne dans la r\u00e9alisation de vos projets, que ce soit en images fixes, en vid\u00e9o, dans la conception de sites internet ou \u00e0 travers des&nbsp;ateliers de graffiti co\u2011anim\u00e9s avec un autre artiste. Si vous souhaitez obtenir un&nbsp;tirage d\u2019une de mes photos, commander une s\u00e9ance, participer \u00e0 un atelier graffiti ou tout simplement obtenir des informations sur mes services, contactez\u2011moi d\u00e8s aujourd\u2019hui.Ensemble, nous travaillerons \u00e0 concr\u00e9tiser vos id\u00e9es en images et en ligne. Veuillez activer JavaScript dans votre navigateur pour remplir ce formulaire.Veuillez activer JavaScript dans votre navigateur pour remplir ce formulaire.E-mail *Commentaire ou message Envoyer<\/p>","protected":false},"author":1,"featured_media":0,"parent":0,"menu_order":0,"comment_status":"closed","ping_status":"closed","template":"","meta":{"footnotes":""},"class_list":["post-50","page","type-page","status-publish","hentry"],"blocksy_meta":[],"yoast_head":"<!-- This site is optimized with the Yoast SEO plugin v27.5 - https:\/\/yoast.com\/product\/yoast-seo-wordpress\/ -->\n<title>Contact - Renaud Fang<\/title>\n<meta name=\"robots\" content=\"index, follow, max-snippet:-1, max-image-preview:large, max-video-preview:-1\" \/>\n<link rel=\"canonical\" href=\"https:\/\/www.renaudfang.com\/en\/contact\/\" \/>\n<meta property=\"og:locale\" content=\"en_GB\" \/>\n<meta property=\"og:type\" content=\"article\" \/>\n<meta property=\"og:title\" content=\"Contact - Renaud Fang\" \/>\n<meta property=\"og:description\" content=\"Vous recherchez un&nbsp;photographe et\/ou un vid\u00e9aste pour capturer vos moments pr\u00e9cieux en photo ou en vid\u00e9o ? Ou peut\u2011\u00eatre avez\u2011vous besoin d\u2019aide pour la&nbsp;cr\u00e9ation d\u2019un site web unique et percutant&nbsp;? Ne cherchez pas plus loin !Install\u00e9 \u00e0 Bruxelles, je vous accompagne dans la r\u00e9alisation de vos projets, que ce soit en images fixes, en vid\u00e9o, dans la conception de sites internet ou \u00e0 travers des&nbsp;ateliers de graffiti co\u2011anim\u00e9s avec un autre artiste. Si vous souhaitez obtenir un&nbsp;tirage d\u2019une de mes photos, commander une s\u00e9ance, participer \u00e0 un atelier graffiti ou tout simplement obtenir des informations sur mes services, contactez\u2011moi d\u00e8s aujourd\u2019hui.Ensemble, nous travaillerons \u00e0 concr\u00e9tiser vos id\u00e9es en images et en ligne. Veuillez activer JavaScript dans votre navigateur pour remplir ce formulaire.Veuillez activer JavaScript dans votre navigateur pour remplir ce formulaire.E-mail *Commentaire ou message Envoyer\" \/>\n<meta property=\"og:url\" content=\"https:\/\/www.renaudfang.com\/en\/contact\/\" \/>\n<meta property=\"og:site_name\" content=\"Renaud Fang\" \/>\n<meta property=\"article:modified_time\" content=\"2026-04-29T13:04:27+00:00\" \/>\n<meta property=\"og:image\" content=\"https:\/\/www.renaudfang.com\/wp-content\/plugins\/wpforms-lite\/assets\/images\/submit-spin.svg\" \/>\n<meta name=\"twitter:card\" content=\"summary_large_image\" \/>\n<meta name=\"twitter:label1\" content=\"Estimated reading time\" \/>\n\t<meta name=\"twitter:data1\" content=\"1 minute\" \/>\n<script type=\"application\/ld+json\" class=\"yoast-schema-graph\">{\"@context\":\"https:\\\/\\\/schema.org\",\"@graph\":[{\"@type\":\"WebPage\",\"@id\":\"https:\\\/\\\/www.renaudfang.com\\\/contact\\\/\",\"url\":\"https:\\\/\\\/www.renaudfang.com\\\/contact\\\/\",\"name\":\"Contact - Renaud Fang\",\"isPartOf\":{\"@id\":\"https:\\\/\\\/www.renaudfang.com\\\/#website\"},\"primaryImageOfPage\":{\"@id\":\"https:\\\/\\\/www.renaudfang.com\\\/contact\\\/#primaryimage\"},\"image\":{\"@id\":\"https:\\\/\\\/www.renaudfang.com\\\/contact\\\/#primaryimage\"},\"thumbnailUrl\":\"https:\\\/\\\/www.renaudfang.com\\\/wp-content\\\/plugins\\\/wpforms-lite\\\/assets\\\/images\\\/submit-spin.svg\",\"datePublished\":\"2024-02-14T17:02:12+00:00\",\"dateModified\":\"2026-04-29T13:04:27+00:00\",\"breadcrumb\":{\"@id\":\"https:\\\/\\\/www.renaudfang.com\\\/contact\\\/#breadcrumb\"},\"inLanguage\":\"en-GB\",\"potentialAction\":[{\"@type\":\"ReadAction\",\"target\":[\"https:\\\/\\\/www.renaudfang.com\\\/contact\\\/\"]}]},{\"@type\":\"ImageObject\",\"inLanguage\":\"en-GB\",\"@id\":\"https:\\\/\\\/www.renaudfang.com\\\/contact\\\/#primaryimage\",\"url\":\"https:\\\/\\\/www.renaudfang.com\\\/wp-content\\\/plugins\\\/wpforms-lite\\\/assets\\\/images\\\/submit-spin.svg\",\"contentUrl\":\"https:\\\/\\\/www.renaudfang.com\\\/wp-content\\\/plugins\\\/wpforms-lite\\\/assets\\\/images\\\/submit-spin.svg\"},{\"@type\":\"BreadcrumbList\",\"@id\":\"https:\\\/\\\/www.renaudfang.com\\\/contact\\\/#breadcrumb\",\"itemListElement\":[{\"@type\":\"ListItem\",\"position\":1,\"name\":\"Accueil\",\"item\":\"https:\\\/\\\/www.renaudfang.com\\\/\"},{\"@type\":\"ListItem\",\"position\":2,\"name\":\"Contact\"}]},{\"@type\":\"WebSite\",\"@id\":\"https:\\\/\\\/www.renaudfang.com\\\/#website\",\"url\":\"https:\\\/\\\/www.renaudfang.com\\\/\",\"name\":\"Renaud Fang\",\"description\":\"Photographe Bruxelles\",\"publisher\":{\"@id\":\"https:\\\/\\\/www.renaudfang.com\\\/#\\\/schema\\\/person\\\/554b9ee26439affc1723706225b90e11\"},\"potentialAction\":[{\"@type\":\"SearchAction\",\"target\":{\"@type\":\"EntryPoint\",\"urlTemplate\":\"https:\\\/\\\/www.renaudfang.com\\\/?s={search_term_string}\"},\"query-input\":{\"@type\":\"PropertyValueSpecification\",\"valueRequired\":true,\"valueName\":\"search_term_string\"}}],\"inLanguage\":\"en-GB\"},{\"@type\":[\"Person\",\"Organization\"],\"@id\":\"https:\\\/\\\/www.renaudfang.com\\\/#\\\/schema\\\/person\\\/554b9ee26439affc1723706225b90e11\",\"name\":\"renaud\",\"image\":{\"@type\":\"ImageObject\",\"inLanguage\":\"en-GB\",\"@id\":\"https:\\\/\\\/secure.gravatar.com\\\/avatar\\\/1d46282923ba87a1590d2ca06df7477e916972bf38a1a260e65fc893c9fe4313?s=96&d=mm&r=g\",\"url\":\"https:\\\/\\\/secure.gravatar.com\\\/avatar\\\/1d46282923ba87a1590d2ca06df7477e916972bf38a1a260e65fc893c9fe4313?s=96&d=mm&r=g\",\"contentUrl\":\"https:\\\/\\\/secure.gravatar.com\\\/avatar\\\/1d46282923ba87a1590d2ca06df7477e916972bf38a1a260e65fc893c9fe4313?s=96&d=mm&r=g\",\"caption\":\"renaud\"},\"logo\":{\"@id\":\"https:\\\/\\\/secure.gravatar.com\\\/avatar\\\/1d46282923ba87a1590d2ca06df7477e916972bf38a1a260e65fc893c9fe4313?s=96&d=mm&r=g\"},\"sameAs\":[\"https:\\\/\\\/www.renaudfang.com\",\"https:\\\/\\\/www.instagram.com\\\/fang_renaud\"]}]}<\/script>\n<!-- \/ Yoast SEO plugin. -->","yoast_head_json":{"title":"Contact - Renaud Fang","robots":{"index":"index","follow":"follow","max-snippet":"max-snippet:-1","max-image-preview":"max-image-preview:large","max-video-preview":"max-video-preview:-1"},"canonical":"https:\/\/www.renaudfang.com\/en\/contact\/","og_locale":"en_GB","og_type":"article","og_title":"Contact - Renaud Fang","og_description":"Vous recherchez un&nbsp;photographe et\/ou un vid\u00e9aste pour capturer vos moments pr\u00e9cieux en photo ou en vid\u00e9o ? Ou peut\u2011\u00eatre avez\u2011vous besoin d\u2019aide pour la&nbsp;cr\u00e9ation d\u2019un site web unique et percutant&nbsp;? Ne cherchez pas plus loin !Install\u00e9 \u00e0 Bruxelles, je vous accompagne dans la r\u00e9alisation de vos projets, que ce soit en images fixes, en vid\u00e9o, dans la conception de sites internet ou \u00e0 travers des&nbsp;ateliers de graffiti co\u2011anim\u00e9s avec un autre artiste. Si vous souhaitez obtenir un&nbsp;tirage d\u2019une de mes photos, commander une s\u00e9ance, participer \u00e0 un atelier graffiti ou tout simplement obtenir des informations sur mes services, contactez\u2011moi d\u00e8s aujourd\u2019hui.Ensemble, nous travaillerons \u00e0 concr\u00e9tiser vos id\u00e9es en images et en ligne. Veuillez activer JavaScript dans votre navigateur pour remplir ce formulaire.Veuillez activer JavaScript dans votre navigateur pour remplir ce formulaire.E-mail *Commentaire ou message Envoyer","og_url":"https:\/\/www.renaudfang.com\/en\/contact\/","og_site_name":"Renaud Fang","article_modified_time":"2026-04-29T13:04:27+00:00","og_image":[{"url":"https:\/\/www.renaudfang.com\/wp-content\/plugins\/wpforms-lite\/assets\/images\/submit-spin.svg","type":"","width":"","height":""}],"twitter_card":"summary_large_image","twitter_misc":{"Estimated reading time":"1 minute"},"schema":{"@context":"https:\/\/schema.org","@graph":[{"@type":"WebPage","@id":"https:\/\/www.renaudfang.com\/contact\/","url":"https:\/\/www.renaudfang.com\/contact\/","name":"Contact - Renaud Fang","isPartOf":{"@id":"https:\/\/www.renaudfang.com\/#website"},"primaryImageOfPage":{"@id":"https:\/\/www.renaudfang.com\/contact\/#primaryimage"},"image":{"@id":"https:\/\/www.renaudfang.com\/contact\/#primaryimage"},"thumbnailUrl":"https:\/\/www.renaudfang.com\/wp-content\/plugins\/wpforms-lite\/assets\/images\/submit-spin.svg","datePublished":"2024-02-14T17:02:12+00:00","dateModified":"2026-04-29T13:04:27+00:00","breadcrumb":{"@id":"https:\/\/www.renaudfang.com\/contact\/#breadcrumb"},"inLanguage":"en-GB","potentialAction":[{"@type":"ReadAction","target":["https:\/\/www.renaudfang.com\/contact\/"]}]},{"@type":"ImageObject","inLanguage":"en-GB","@id":"https:\/\/www.renaudfang.com\/contact\/#primaryimage","url":"https:\/\/www.renaudfang.com\/wp-content\/plugins\/wpforms-lite\/assets\/images\/submit-spin.svg","contentUrl":"https:\/\/www.renaudfang.com\/wp-content\/plugins\/wpforms-lite\/assets\/images\/submit-spin.svg"},{"@type":"BreadcrumbList","@id":"https:\/\/www.renaudfang.com\/contact\/#breadcrumb","itemListElement":[{"@type":"ListItem","position":1,"name":"Accueil","item":"https:\/\/www.renaudfang.com\/"},{"@type":"ListItem","position":2,"name":"Contact"}]},{"@type":"WebSite","@id":"https:\/\/www.renaudfang.com\/#website","url":"https:\/\/www.renaudfang.com\/","name":"Renaud Fang","description":"Photographe Bruxelles","publisher":{"@id":"https:\/\/www.renaudfang.com\/#\/schema\/person\/554b9ee26439affc1723706225b90e11"},"potentialAction":[{"@type":"SearchAction","target":{"@type":"EntryPoint","urlTemplate":"https:\/\/www.renaudfang.com\/?s={search_term_string}"},"query-input":{"@type":"PropertyValueSpecification","valueRequired":true,"valueName":"search_term_string"}}],"inLanguage":"en-GB"},{"@type":["Person","Organization"],"@id":"https:\/\/www.renaudfang.com\/#\/schema\/person\/554b9ee26439affc1723706225b90e11","name":"renaud","image":{"@type":"ImageObject","inLanguage":"en-GB","@id":"https:\/\/secure.gravatar.com\/avatar\/1d46282923ba87a1590d2ca06df7477e916972bf38a1a260e65fc893c9fe4313?s=96&d=mm&r=g","url":"https:\/\/secure.gravatar.com\/avatar\/1d46282923ba87a1590d2ca06df7477e916972bf38a1a260e65fc893c9fe4313?s=96&d=mm&r=g","contentUrl":"https:\/\/secure.gravatar.com\/avatar\/1d46282923ba87a1590d2ca06df7477e916972bf38a1a260e65fc893c9fe4313?s=96&d=mm&r=g","caption":"renaud"},"logo":{"@id":"https:\/\/secure.gravatar.com\/avatar\/1d46282923ba87a1590d2ca06df7477e916972bf38a1a260e65fc893c9fe4313?s=96&d=mm&r=g"},"sameAs":["https:\/\/www.renaudfang.com","https:\/\/www.instagram.com\/fang_renaud"]}]}},"_links":{"self":[{"href":"https:\/\/www.renaudfang.com\/en\/wp-json\/wp\/v2\/pages\/50","targetHints":{"allow":["GET"]}}],"collection":[{"href":"https:\/\/www.renaudfang.com\/en\/wp-json\/wp\/v2\/pages"}],"about":[{"href":"https:\/\/www.renaudfang.com\/en\/wp-json\/wp\/v2\/types\/page"}],"author":[{"embeddable":true,"href":"https:\/\/www.renaudfang.com\/en\/wp-json\/wp\/v2\/users\/1"}],"replies":[{"embeddable":true,"href":"https:\/\/www.renaudfang.com\/en\/wp-json\/wp\/v2\/comments?post=50"}],"version-history":[{"count":8,"href":"https:\/\/www.renaudfang.com\/en\/wp-json\/wp\/v2\/pages\/50\/revisions"}],"predecessor-version":[{"id":1222,"href":"https:\/\/www.renaudfang.com\/en\/wp-json\/wp\/v2\/pages\/50\/revisions\/1222"}],"wp:attachment":[{"href":"https:\/\/www.renaudfang.com\/en\/wp-json\/wp\/v2\/media?parent=50"}],"curies":[{"name":"wp","href":"https:\/\/api.w.org\/{rel}","templated":true}]}}